{"id":155,"date":"2024-10-17T14:44:21","date_gmt":"2024-10-17T12:44:21","guid":{"rendered":"http:\/\/www.editec.it\/?page_id=155"},"modified":"2024-10-29T14:07:53","modified_gmt":"2024-10-29T13:07:53","slug":"chi-siamo","status":"publish","type":"page","link":"https:\/\/www.editec.it\/index.php\/chi-siamo\/","title":{"rendered":"Chi Siamo"},"content":{"rendered":"<p>[et_pb_section fb_built=&#8221;1&#8243; admin_label=&#8221;Header&#8221; _builder_version=&#8221;4.19.2&#8243; _module_preset=&#8221;default&#8221; overflow-x=&#8221;hidden&#8221; overflow-y=&#8221;hidden&#8221; custom_padding=&#8221;0px||0px||true|false&#8221; collapsed=&#8221;on&#8221; global_colors_info=&#8221;{}&#8221;][et_pb_row column_structure=&#8221;1_2,1_2&#8243; _builder_version=&#8221;4.19.2&#8243; _module_preset=&#8221;default&#8221; custom_padding=&#8221;0px||||false|false&#8221; global_colors_info=&#8221;{}&#8221;][et_pb_column type=&#8221;1_2&#8243; _builder_version=&#8221;4.19.2&#8243; _module_preset=&#8221;default&#8221; custom_padding=&#8221;8vw||||false|false&#8221; custom_padding_tablet=&#8221;||||false|false&#8221; custom_padding_phone=&#8221;0vw||||false|false&#8221; custom_padding_last_edited=&#8221;off|desktop&#8221; global_colors_info=&#8221;{}&#8221;][et_pb_text _builder_version=&#8221;4.19.2&#8243; _module_preset=&#8221;9146f0f0-05b6-45d1-9584-0beba030e409&#8243; global_colors_info=&#8221;{}&#8221;]<\/p>\n<h1>Chi Siamo<\/h1>\n<p>[\/et_pb_text][et_pb_text _builder_version=&#8221;4.27.2&#8243; _module_preset=&#8221;9da54781-aee7-44c0-9be4-4847a94b499f&#8221; text_text_color=&#8221;#FFFFFF&#8221; background_color=&#8221;#7F7F7F&#8221; custom_padding=&#8221;40px|40px|40px|40px|true|true&#8221; custom_padding_tablet=&#8221;30px|30px|30px|30px|true|true&#8221; custom_padding_phone=&#8221;20px|20px|20px|20px|true|true&#8221; custom_padding_last_edited=&#8221;on|desktop&#8221; global_colors_info=&#8221;{}&#8221;]<\/p>\n<p>Nata come azienda specializzata nel noleggio e montaggio di ponteggi, nel corso degli anni<\/p>\n<p>abbiamo affinato le tecniche di lavoro e di conseguenza apportato migliorie significative alla nostra<\/p>\n<p>struttura quali la certificazione ISO 9001-2008 e da gennaio 2018 ISO 9001-2015.<\/p>\n<p>Operiamo nel rispetto delle vigenti normative in materia di sicurezza fornendo per ogni opera<\/p>\n<p>appaltata piani di sicurezza, progetti, autorizzazione ministeriale e certificazioni di conformit\u00e0 del<\/p>\n<p>materiale utilizzato.<\/p>\n<p>Tutto il personale impiegato \u00e8 fornito di ogni dispositivo di sicurezza nonch\u00e9 dei necessari corsi di<\/p>\n<p>formazione per personale specializzato addetto al montaggio, smontaggio e trasformazione di<\/p>\n<p>ponteggi.<\/p>\n<p>[\/et_pb_text][\/et_pb_column][et_pb_column type=&#8221;1_2&#8243; _builder_version=&#8221;4.19.2&#8243; _module_preset=&#8221;default&#8221; global_colors_info=&#8221;{}&#8221;][et_pb_image src=&#8221;https:\/\/www.editec.it\/wp-content\/uploads\/2024\/09\/civil-engineering-15.jpg&#8221; title_text=&#8221;civil-engineering-15&#8243; _builder_version=&#8221;4.19.2&#8243; _module_preset=&#8221;default&#8221; custom_margin=&#8221;|-30vw|0px||false|false&#8221; custom_margin_tablet=&#8221;|0vw|0px||false|false&#8221; custom_margin_phone=&#8221;|0vw|0px||false|false&#8221; custom_margin_last_edited=&#8221;on|tablet&#8221; global_colors_info=&#8221;{}&#8221;][\/et_pb_image][et_pb_image src=&#8221;https:\/\/www.editec.it\/wp-content\/uploads\/2024\/10\/civil-engineering-19.png&#8221; title_text=&#8221;civil-engineering-19&#8243; _builder_version=&#8221;4.19.2&#8243; _module_preset=&#8221;default&#8221; width=&#8221;77%&#8221; custom_margin=&#8221;-49%||||false|false&#8221; global_colors_info=&#8221;{}&#8221;][\/et_pb_image][\/et_pb_column][\/et_pb_row][\/et_pb_section][et_pb_section fb_built=&#8221;1&#8243; admin_label=&#8221;About&#8221; _builder_version=&#8221;4.19.2&#8243; _module_preset=&#8221;default&#8221; custom_padding=&#8221;||90px||false|false&#8221; collapsed=&#8221;on&#8221; global_colors_info=&#8221;{}&#8221;][et_pb_row _builder_version=&#8221;4.19.2&#8243; _module_preset=&#8221;default&#8221; global_colors_info=&#8221;{}&#8221;][et_pb_column type=&#8221;4_4&#8243; _builder_version=&#8221;4.19.2&#8243; _module_preset=&#8221;default&#8221; global_colors_info=&#8221;{}&#8221;][et_pb_text _builder_version=&#8221;4.19.2&#8243; _module_preset=&#8221;e9230468-fc85-4322-9beb-66533a631335&#8243; global_colors_info=&#8221;{}&#8221;]<\/p>\n<h2>Mission<\/h2>\n<p>[\/et_pb_text][et_pb_text _builder_version=&#8221;4.27.2&#8243; _module_preset=&#8221;9da54781-aee7-44c0-9be4-4847a94b499f&#8221; global_colors_info=&#8221;{}&#8221;]<\/p>\n<p>La tempestivit\u00e0 \u00e8 la qualit\u00e0 di cui i nostri clienti solitamente necessitano hanno posto queste due caratteristiche a caposaldo della nostra organizzazione aziendale riuscendo cosi a garantire tempi di montaggio estremamente rapidi, nella massima sicurezza e, nella tempistica concordata.<\/p>\n<p>I nostri punti di forza:<\/p>\n<ul>\n<li>\u00a0Noleggio ponteggi per edilizia: realizzando strutture per fabbricati in costruzione o da ristrutturare;<\/li>\n<\/ul>\n<ul>\n<li>\u00a0Noleggio ponteggi per opere monumentali: di particolare difficolt\u00e0 esecutiva che vanno oltre il tradizionale settore edile;<\/li>\n<\/ul>\n<ul>\n<li>\u00a0Noleggio ponteggi per manutenzioni industriali: settore in costante crescita grazie anche alla presenza in siti di livello nazionale<\/li>\n<\/ul>\n<ul>\n<li>Fornitura di sola manodopera specializzata conto terzi, ideale per le ditte gi\u00e0 in possesso di tutte le attrezzature edili, ma a corto di personale qualificato per il montaggio.<\/li>\n<\/ul>\n<p>&nbsp;<\/p>\n<p>Per tutte le attivit\u00e0 svolte rimaniamo sempre a completa disposizione del cliente con un servizio di assistenza tecnica e di operativit\u00e0 tempestiva e puntale.<\/p>\n<p>[\/et_pb_text][\/et_pb_column][\/et_pb_row][\/et_pb_section][et_pb_section fb_built=&#8221;1&#8243; admin_label=&#8221;Service&#8221; _builder_version=&#8221;4.19.2&#8243; _module_preset=&#8221;default&#8221; background_color=&#8221;#CBCECF&#8221; custom_padding=&#8221;0px||0px||true|false&#8221; collapsed=&#8221;on&#8221; global_colors_info=&#8221;{}&#8221;][et_pb_row column_structure=&#8221;3_5,2_5&#8243; _builder_version=&#8221;4.19.2&#8243; _module_preset=&#8221;default&#8221; custom_padding=&#8221;0px||||false|false&#8221; global_colors_info=&#8221;{}&#8221;][et_pb_column type=&#8221;3_5&#8243; _builder_version=&#8221;4.19.2&#8243; _module_preset=&#8221;default&#8221; global_colors_info=&#8221;{}&#8221;][et_pb_image src=&#8221;https:\/\/www.editec.it\/wp-content\/uploads\/2024\/10\/civil-engineering-27.jpg&#8221; title_text=&#8221;civil-engineering-27&#8243; _builder_version=&#8221;4.19.2&#8243; _module_preset=&#8221;default&#8221; custom_margin=&#8221;||0px|-30vw|false|false&#8221; global_colors_info=&#8221;{}&#8221;][\/et_pb_image][et_pb_image src=&#8221;https:\/\/www.editec.it\/wp-content\/uploads\/2024\/10\/civil-engineering-20.png&#8221; title_text=&#8221;civil-engineering-20&#8243; _builder_version=&#8221;4.19.2&#8243; _module_preset=&#8221;default&#8221; width=&#8221;60%&#8221; custom_margin=&#8221;-29%||||false|false&#8221; global_colors_info=&#8221;{}&#8221;][\/et_pb_image][\/et_pb_column][et_pb_column type=&#8221;2_5&#8243; _builder_version=&#8221;4.19.2&#8243; _module_preset=&#8221;default&#8221; global_colors_info=&#8221;{}&#8221;][et_pb_image src=&#8221;https:\/\/www.editec.it\/wp-content\/uploads\/2024\/10\/civil-engineering-21.png&#8221; title_text=&#8221;civil-engineering-21&#8243; _builder_version=&#8221;4.19.2&#8243; _module_preset=&#8221;default&#8221; width=&#8221;65%&#8221; custom_margin=&#8221;-20%|||-35%|false|false&#8221; global_colors_info=&#8221;{}&#8221;][\/et_pb_image][et_pb_text _builder_version=&#8221;4.27.2&#8243; _module_preset=&#8221;e9230468-fc85-4322-9beb-66533a631335&#8243; global_colors_info=&#8221;{}&#8221;]<\/p>\n<h2>Le nostre certificazioni<\/h2>\n<p>[\/et_pb_text][et_pb_text _builder_version=&#8221;4.27.2&#8243; _module_preset=&#8221;9da54781-aee7-44c0-9be4-4847a94b499f&#8221; global_colors_info=&#8221;{}&#8221;]<\/p>\n<ul>\n<li>ISO 9001-2008<\/li>\n<li>ISO 9001-2015<\/li>\n<\/ul>\n<p>[\/et_pb_text][\/et_pb_column][\/et_pb_row][\/et_pb_section][et_pb_section fb_built=&#8221;1&#8243; admin_label=&#8221;Feature&#8221; _builder_version=&#8221;4.19.2&#8243; _module_preset=&#8221;default&#8221; custom_padding=&#8221;0px||||false|false&#8221; collapsed=&#8221;on&#8221; global_colors_info=&#8221;{}&#8221;][et_pb_row column_structure=&#8221;1_2,1_2&#8243; _builder_version=&#8221;4.19.2&#8243; _module_preset=&#8221;default&#8221; custom_padding=&#8221;0px||||false|false&#8221; global_colors_info=&#8221;{}&#8221;][et_pb_column type=&#8221;1_2&#8243; _builder_version=&#8221;4.19.2&#8243; _module_preset=&#8221;default&#8221; background_color=&#8221;#E3E3E3&#8243; custom_padding=&#8221;80px|40px|80px|40px|true|true&#8221; custom_padding_tablet=&#8221;60px|30px|60px|30px|true|true&#8221; custom_padding_phone=&#8221;40px|20px|40px|20px|true|true&#8221; custom_padding_last_edited=&#8221;on|desktop&#8221; global_colors_info=&#8221;{}&#8221;][et_pb_text _builder_version=&#8221;4.19.2&#8243; _module_preset=&#8221;e9230468-fc85-4322-9beb-66533a631335&#8243; global_colors_info=&#8221;{}&#8221;]<\/p>\n<h2>Since 2001<\/h2>\n<p>[\/et_pb_text][\/et_pb_column][et_pb_column type=&#8221;1_2&#8243; _builder_version=&#8221;4.19.2&#8243; _module_preset=&#8221;default&#8221; custom_padding=&#8221;80px||||false|false&#8221; custom_padding_tablet=&#8221;0px||||false|false&#8221; custom_padding_phone=&#8221;0px||||false|false&#8221; custom_padding_last_edited=&#8221;on|tablet&#8221; global_colors_info=&#8221;{}&#8221;][et_pb_text _builder_version=&#8221;4.19.2&#8243; _module_preset=&#8221;9da54781-aee7-44c0-9be4-4847a94b499f&#8221; global_colors_info=&#8221;{}&#8221;]Nulla porttitor accumsan tincidunt. Praesent sapien massa, convallis a pellentesque nec, egestas non nisi. Mauris blandit aliquet elit, eget tincidunt nibh pulvinar a. Curabitur arcu erat, accumsan id imperdiet et, porttitor at sem. Curabitur arcu erat, accumsan id imperdiet et, porttitor at sem. Nulla quis lorem ut libero malesuada feugiat.<\/p>\n<p>Nulla porttitor accumsan tincidunt. Lorem ipsum dolor sit amet, consectetur adipiscing elit. Curabitur non nulla sit amet nisl tempus convallis quis ac lectus. Praesent sapien massa, convallis a pellentesque nec, egestas non nisi. Cras ultricies ligula sed magna dictum porta.[\/et_pb_text][\/et_pb_column][\/et_pb_row][\/et_pb_section]<\/p>\n","protected":false},"excerpt":{"rendered":"<p>Chi SiamoNata come azienda specializzata nel noleggio e montaggio di ponteggi, nel corso degli anni abbiamo affinato le tecniche di lavoro e di conseguenza apportato migliorie significative alla nostra struttura quali la certificazione ISO 9001-2008 e da gennaio 2018 ISO 9001-2015. Operiamo nel rispetto delle vigenti normative in materia di sicurezza fornendo per ogni opera [&hellip;]<\/p>\n","protected":false},"author":1,"featured_media":0,"parent":0,"menu_order":0,"comment_status":"closed","ping_status":"closed","template":"","meta":{"_et_pb_use_builder":"on","_et_pb_old_content":"","_et_gb_content_width":"","footnotes":""},"class_list":["post-155","page","type-page","status-publish","hentry"],"_links":{"self":[{"href":"https:\/\/www.editec.it\/index.php\/wp-json\/wp\/v2\/pages\/155","targetHints":{"allow":["GET"]}}],"collection":[{"href":"https:\/\/www.editec.it\/index.php\/wp-json\/wp\/v2\/pages"}],"about":[{"href":"https:\/\/www.editec.it\/index.php\/wp-json\/wp\/v2\/types\/page"}],"author":[{"embeddable":true,"href":"https:\/\/www.editec.it\/index.php\/wp-json\/wp\/v2\/users\/1"}],"replies":[{"embeddable":true,"href":"https:\/\/www.editec.it\/index.php\/wp-json\/wp\/v2\/comments?post=155"}],"version-history":[{"count":5,"href":"https:\/\/www.editec.it\/index.php\/wp-json\/wp\/v2\/pages\/155\/revisions"}],"predecessor-version":[{"id":287,"href":"https:\/\/www.editec.it\/index.php\/wp-json\/wp\/v2\/pages\/155\/revisions\/287"}],"wp:attachment":[{"href":"https:\/\/www.editec.it\/index.php\/wp-json\/wp\/v2\/media?parent=155"}],"curies":[{"name":"wp","href":"https:\/\/api.w.org\/{rel}","templated":true}]}}